{"id":202,"date":"2014-12-27T14:40:08","date_gmt":"2014-12-27T14:40:08","guid":{"rendered":"http:\/\/philippecharleux.fr\/?page_id=202"},"modified":"2025-10-08T17:36:49","modified_gmt":"2025-10-08T17:36:49","slug":"formations","status":"publish","type":"page","link":"https:\/\/philippecharleux.fr\/?page_id=202","title":{"rendered":"Formations"},"content":{"rendered":"\n<ul class=\"wp-block-list\">\n<li class=\"has-small-font-size\"><strong>Atelier \u00ab\u00a0Art du Conte\u00a0\u00bb<\/strong> pour adultes. Dans le cadre de l&rsquo;association <strong>DEUX MAINS DES MOTS<\/strong>, \u00e0 P\u00e9zenas Philippe Charleux anime un Atelier Art du Conte, qui se r\u00e9unit 1 fois tous les 15 jours pendant la p\u00e9riode scolaire. Cet atelier se d\u00e9roule dans les locaux du Centre Ressources Moli\u00e8re. Les ateliers s\u2019adressent \u00e0 ceux qui&nbsp; s\u2019int\u00e9ressent aux contes et souhaitent travailler la fa\u00e7on de les partager, et ceux qui ont d\u00e9j\u00e0 une exp\u00e9rience du conte, et qui sont d\u00e9sireux de poursuivre leur chemin. <strong><em>Objectifs&nbsp;:&nbsp; <\/em><\/strong><em>d\u00e9couvrir l\u2019art du conte pour les uns, poursuivre l\u2019exploration pour les autres,&nbsp;rechercher, pour tous,&nbsp; sa propre dimension de conteur(euse), en p<\/em>artant de soi, en faisant r\u00e9f\u00e9rence \u00e0 sa propre sensibilit\u00e9, son imaginaire, afin de nourrir le r\u00e9cit de l\u2019intime et de l\u2019universel. Le travail est propos\u00e9 dans plusieurs directions&nbsp;: <strong><em>les ressources \u00e0 mettre en jeu<\/em>&nbsp;<\/strong>: perceptions sensorielles &#8211; expression orale, vocabulaire &#8211; visualisation &#8211; imaginaire, imagination &#8211; cr\u00e9ativit\u00e9 -, <em><strong>le corps, l\u2019espace, la dynamique gestuelle<\/strong>,                                                                                                             <\/em><strong><em>les chemins \u00e0 suivre pour <\/em><\/strong><em><strong>s\u2019approprier le r\u00e9cit<\/strong>,<\/em> <strong><em>la mise en valeur de l\u2019 expression personnelle<\/em><\/strong><em>,<\/em>                            <strong><em>Mise en pratique<\/em><\/strong><em>: elle sera propos\u00e9e sous la forme de <strong>participation volontaire b\u00e9n\u00e9vole, \u00e0 des \u00e9v\u00e8nements culturels<\/strong>, avec l\u2019accompagnement de Ph Charleux.<\/em><\/li>\n<\/ul>\n\n\n\n<p><\/p>\n\n\n\n<ul class=\"wp-block-list\">\n<li class=\"has-small-font-size\"><strong>Ateliers LECTURE A VOIX HAUTE\/ <\/strong> <em>Ces ateliers s\u2019adressent \u00e0 tous ceux qui souhaitent partager le plaisir de la lecture \u00e0 voix haute, en d\u00e9couvrant des techniques propres \u00e0 la prise de parole.&nbsp;Par la voix adress\u00e9e \u00e0 un public, il s\u2019agira d\u2019\u00eatre des lecteurs, par qui les textes prennent vie, &nbsp;cr\u00e9ant l\u2019espace et le temps par la parole.<\/em><\/li>\n<\/ul>\n\n\n\n<p><\/p>\n","protected":false},"excerpt":{"rendered":"","protected":false},"author":1,"featured_media":253,"parent":0,"menu_order":0,"comment_status":"closed","ping_status":"open","template":"page-blog.php","meta":{"footnotes":""},"class_list":["post-202","page","type-page","status-publish","has-post-thumbnail","hentry","et-bg-layout-dark","et-background-image"],"_links":{"self":[{"href":"https:\/\/philippecharleux.fr\/index.php?rest_route=\/wp\/v2\/pages\/202","targetHints":{"allow":["GET"]}}],"collection":[{"href":"https:\/\/philippecharleux.fr\/index.php?rest_route=\/wp\/v2\/pages"}],"about":[{"href":"https:\/\/philippecharleux.fr\/index.php?rest_route=\/wp\/v2\/types\/page"}],"author":[{"embeddable":true,"href":"https:\/\/philippecharleux.fr\/index.php?rest_route=\/wp\/v2\/users\/1"}],"replies":[{"embeddable":true,"href":"https:\/\/philippecharleux.fr\/index.php?rest_route=%2Fwp%2Fv2%2Fcomments&post=202"}],"version-history":[{"count":7,"href":"https:\/\/philippecharleux.fr\/index.php?rest_route=\/wp\/v2\/pages\/202\/revisions"}],"predecessor-version":[{"id":952,"href":"https:\/\/philippecharleux.fr\/index.php?rest_route=\/wp\/v2\/pages\/202\/revisions\/952"}],"wp:featuredmedia":[{"embeddable":true,"href":"https:\/\/philippecharleux.fr\/index.php?rest_route=\/wp\/v2\/media\/253"}],"wp:attachment":[{"href":"https:\/\/philippecharleux.fr\/index.php?rest_route=%2Fwp%2Fv2%2Fmedia&parent=202"}],"curies":[{"name":"wp","href":"https:\/\/api.w.org\/{rel}","templated":true}]}}