{"id":205,"date":"2023-08-03T07:10:00","date_gmt":"2023-08-03T07:10:00","guid":{"rendered":"http:\/\/philippecharleux.fr\/?page_id=205"},"modified":"2025-10-10T14:47:06","modified_gmt":"2025-10-10T14:47:06","slug":"agenda","status":"publish","type":"page","link":"https:\/\/philippecharleux.fr\/?page_id=205","title":{"rendered":"Des dates"},"content":{"rendered":"<h1><span style=\"color: #800000;\"><strong><span style=\"color: #003300;\"><img loading=\"lazy\" decoding=\"async\" class=\" size-full wp-image-69 alignleft\" src=\"http:\/\/philippecharleux.fr\/wp-content\/uploads\/2014\/12\/favicon-philippe-charleux.png\" alt=\"favicon philippe charleux\" width=\"32\" height=\"32\" \/><\/span><\/strong><\/span><\/h1>\n<h1><span style=\"color: #800000;\"><strong>Ann\u00e9e 2025<\/strong><\/span><\/h1>\n<h5><strong>* d&rsquo;octobre \u00e0 fin mai<\/strong>: <em>atelier \u00ab\u00a0Art du Conte\u00a0\u00bb<\/em>, <strong>tous les 15 jours pour DEUX MAINS DES MOTS \/ P\u00e9zenas.<\/strong><\/h5>\n<p><strong>19\/01 : \u00ab\u00a0Si le vin m&rsquo;\u00e9tait cont\u00e9\u00a0\u00bb \/ \u00e0 l&rsquo;occasion de la St Vincent \/ Espace C\u00e9ressou \u00e0 Saint Thib\u00e9ry<\/strong><\/p>\n<p><strong>14\/02 <\/strong>: <strong>\u00abCOUPS DU COEUR \u00bb \/ Cr\u00e9ation pour la St Valentin\/ M\u00e9diath\u00e8que de Maraussan<\/strong><\/p>\n<p><strong>14\/03 : \u00a0\u00bb Chronique d&rsquo;une Nu\u00e9e Ardente\u00a0\u00bb\/ Lectures de po\u00e9sies \/ M\u00e9diath\u00e8que de Saint Thib\u00e9ry<\/strong><\/p>\n<p><strong>21\/03 : \u00ab\u00a0Chronique d&rsquo;une Nu\u00e9e Ardente\u00a0\u00bb \u00e0 l&rsquo;occasion du Printemps des Po\u00e8tes \/ Mus\u00e9e de P\u00e9zenas\u00a0<\/strong><\/p>\n<p><strong>23, 24\/04 :\u00a0<em>R\u00e9sidence au Th\u00e9\u00e2tre de Lamalou \/ mise en sc\u00e8ne du concert \u00ab\u00a0Brel-Barbara, la rencontre\u00a0\u00bb<\/em><\/strong><\/p>\n<p><strong>25\/04<\/strong>: <em>1i\u00e8re du Concert<\/em> <strong><em>\u00ab\u00a0Brel-Barbara, la rencontre\u00a0\u00bb \/ Th\u00e9\u00e2tre de Lamalou les Bains.<\/em><\/strong><\/p>\n<p><strong>14\/06: <\/strong>\u00ab\u00a0<strong>CIRCULADE DU CONTE\u00a0\u00bb \/<\/strong> avec l&rsquo;atelier \u00ab\u00a0Art du Conte\u00a0\u00bbde 2MdM \/ balade cont\u00e9e dans le centre historique de P\u00e9zenas<\/p>\n<p><strong>14\/06: \u00ab\u00a0F\u00eate du Conte d&rsquo;Aural\u00a0\u00bb \/ Neffi\u00e8s<\/strong><\/p>\n<p><strong>16\/07 : visite Th\u00e9\u00e2tralis\u00e9e 1<\/strong> \u00e0 <strong>Narbonne \/ cr\u00e9ation avec \u00ab\u00a0les \u00d4parleurs\u00a0\u00bb.<\/strong><\/p>\n<p><strong>17\/07<\/strong>: <strong>Balade Cont\u00e9e Nocturne \u00ab au Fil des Rues \u00bb\/ Vias avec OT Cap d&rsquo;Agde M\u00e9diterran\u00e9e<\/strong><\/p>\n<p><strong>23\/07 : visite Th\u00e9\u00e2tralis\u00e9e 2<\/strong> \u00e0<strong> Narbonne avec \u00ab\u00a0les \u00d4parleurs\u00a0\u00bb.<\/strong><\/p>\n<p><strong>24\/07<\/strong>: <strong>Balade Cont\u00e9e Nocturne \u00ab au Fil des Rues \u00bb \/ Portiragnes avec OT Cap d&rsquo;Agde M\u00e9diterran\u00e9e<\/strong><\/p>\n<p><strong>30\/07 <\/strong>: <strong>visite Th\u00e9\u00e2tralis\u00e9e 3<\/strong> \u00e0<strong> Narbonne avec \u00ab\u00a0les \u00d4parleurs\u00a0\u00bb.<\/strong><\/p>\n<p><strong>31\/07: Balade Cont\u00e9e Nocturne \u00ab au Fil des Rues \u00bb \/ Cap d&rsquo;Agde avec OT Cap d&rsquo;Agde M\u00e9diterran\u00e9e<\/strong><\/p>\n<p><strong>06\/08 : visite Th\u00e9\u00e2tralis\u00e9e 4<\/strong> \u00e0<strong> Narbonne avec \u00ab\u00a0les \u00d4parleurs\u00a0\u00bb.<\/strong><\/p>\n<p><strong>13\/08 <\/strong>: <strong>visite Th\u00e9\u00e2tralis\u00e9e 5<\/strong> \u00e0<strong> Narbonne avec \u00ab\u00a0les \u00d4parleurs\u00a0\u00bb.<\/strong><\/p>\n<p><strong>20\/08 <\/strong>: <strong>visite Th\u00e9\u00e2tralis\u00e9e 6<\/strong> \u00e0<strong> Narbonne avec \u00ab\u00a0les \u00d4parleurs\u00a0\u00bb.<\/strong><\/p>\n<p><strong>21\/08<\/strong>: <strong><em>Balade Cont\u00e9e Nocturne \u00ab Au Fil des Rues \u00bb<\/em> \/ Agde avec OT Cap d&rsquo;Agde M\u00e9diterran\u00e9e<\/strong><\/p>\n<p><strong>20 et 21\/09<\/strong>: <strong>animations cont\u00e9es \u00e0 l&rsquo;H\u00f4tel d&rsquo;Alfonce<\/strong> \/ Journ\u00e9es du Patrimoine \/ P\u00e9zenas<\/p>\n<p><strong>21\/09<\/strong>:\u00a0<em><strong>Balade Cont\u00e9e \/\u00a0<\/strong><\/em><strong>Florensac\u00a0<\/strong>avec OT Cap d&rsquo;Agde M\u00e9diterran\u00e9e<\/p>\n<p><strong>27\/09<\/strong>:\u00a0<em><strong>Balade Cont\u00e9e\/\u00a0<\/strong><\/em><strong>Nizas <\/strong>avec OT Cap d&rsquo;Agde M\u00e9diterran\u00e9e<\/p>\n<p><strong>02\/10<\/strong>: Reprise <strong>Atelier Art du Conte\u00a0<\/strong>pour adultes\/ P\u00e9zenas avec 2 Mains des Mots \/ 1 fois par quinzaine jusqu&rsquo;en Juin.<\/p>\n<p><strong>09\/10<\/strong>:\u00a0<em><strong>Balade Cont\u00e9e\/ <\/strong><\/em><strong>Valras\u00a0<\/strong>avec CCAS de Valras\u00a0<\/p>\n<p>&nbsp;<\/p>\n<h4><span style=\"color: #800000;\"><span style=\"color: #003300;\"><img loading=\"lazy\" decoding=\"async\" class=\" size-full wp-image-69 alignleft\" src=\"http:\/\/philippecharleux.fr\/wp-content\/uploads\/2014\/12\/favicon-philippe-charleux.png\" alt=\"favicon philippe charleux\" width=\"32\" height=\"32\" \/><\/span><\/span><\/h4>\n<pre>\u00a0<\/pre>\n<pre>\u00a0<\/pre>\n<pre>\u00a0<\/pre>\n<pre>\u00a0<\/pre>\n<pre>\u00a0<\/pre>\n<pre>\u00a0<\/pre>\n<pre><br \/><br \/><br \/><\/pre>\n<pre>\u00a0<\/pre>\n<pre>\u00a0<\/pre>\n\n\n<ul class=\"wp-block-list\">\n<li><\/li>\n<\/ul>\n","protected":false},"excerpt":{"rendered":"<p>Ann\u00e9e 2025 * d&rsquo;octobre \u00e0 fin mai: atelier \u00ab\u00a0Art du Conte\u00a0\u00bb, tous les 15 jours pour DEUX MAINS DES MOTS \/ P\u00e9zenas. 19\/01 : \u00ab\u00a0Si le vin m&rsquo;\u00e9tait cont\u00e9\u00a0\u00bb \/ \u00e0 l&rsquo;occasion de la St Vincent \/ Espace C\u00e9ressou \u00e0 Saint Thib\u00e9ry 14\/02 : \u00abCOUPS DU COEUR \u00bb \/ Cr\u00e9ation pour la St Valentin\/ M\u00e9diath\u00e8que [&hellip;]<\/p>\n","protected":false},"author":1,"featured_media":138,"parent":0,"menu_order":0,"comment_status":"closed","ping_status":"closed","template":"","meta":{"footnotes":""},"class_list":["post-205","page","type-page","status-publish","has-post-thumbnail","hentry","et-bg-layout-dark","et-background-image"],"_links":{"self":[{"href":"https:\/\/philippecharleux.fr\/index.php?rest_route=\/wp\/v2\/pages\/205","targetHints":{"allow":["GET"]}}],"collection":[{"href":"https:\/\/philippecharleux.fr\/index.php?rest_route=\/wp\/v2\/pages"}],"about":[{"href":"https:\/\/philippecharleux.fr\/index.php?rest_route=\/wp\/v2\/types\/page"}],"author":[{"embeddable":true,"href":"https:\/\/philippecharleux.fr\/index.php?rest_route=\/wp\/v2\/users\/1"}],"replies":[{"embeddable":true,"href":"https:\/\/philippecharleux.fr\/index.php?rest_route=%2Fwp%2Fv2%2Fcomments&post=205"}],"version-history":[{"count":43,"href":"https:\/\/philippecharleux.fr\/index.php?rest_route=\/wp\/v2\/pages\/205\/revisions"}],"predecessor-version":[{"id":995,"href":"https:\/\/philippecharleux.fr\/index.php?rest_route=\/wp\/v2\/pages\/205\/revisions\/995"}],"wp:featuredmedia":[{"embeddable":true,"href":"https:\/\/philippecharleux.fr\/index.php?rest_route=\/wp\/v2\/media\/138"}],"wp:attachment":[{"href":"https:\/\/philippecharleux.fr\/index.php?rest_route=%2Fwp%2Fv2%2Fmedia&parent=205"}],"curies":[{"name":"wp","href":"https:\/\/api.w.org\/{rel}","templated":true}]}}