{"id":653,"date":"2022-06-07T13:47:09","date_gmt":"2022-06-07T13:47:09","guid":{"rendered":"http:\/\/philippecharleux.fr\/?page_id=653"},"modified":"2025-10-11T14:08:33","modified_gmt":"2025-10-11T14:08:33","slug":"du-cote-du-theatre","status":"publish","type":"page","link":"https:\/\/philippecharleux.fr\/?page_id=653","title":{"rendered":". JB2 Moli\u00e8re&#8230; et du th\u00e9\u00e2tre dans la rue !"},"content":{"rendered":"\n<p><\/p>\n\n\n\n<div class=\"wp-block-media-text is-stacked-on-mobile\"><figure class=\"wp-block-media-text__media\"><img loading=\"lazy\" decoding=\"async\" width=\"1811\" height=\"2393\" src=\"http:\/\/philippecharleux.fr\/wp-content\/uploads\/2022\/06\/affichejb2V2-scaled-e1655409126406.jpg\" alt=\"\" class=\"wp-image-685 size-full\" srcset=\"https:\/\/philippecharleux.fr\/wp-content\/uploads\/2022\/06\/affichejb2V2-scaled-e1655409126406.jpg 1811w, https:\/\/philippecharleux.fr\/wp-content\/uploads\/2022\/06\/affichejb2V2-scaled-e1655409126406-227x300.jpg 227w, https:\/\/philippecharleux.fr\/wp-content\/uploads\/2022\/06\/affichejb2V2-scaled-e1655409126406-775x1024.jpg 775w, https:\/\/philippecharleux.fr\/wp-content\/uploads\/2022\/06\/affichejb2V2-scaled-e1655409126406-768x1015.jpg 768w, https:\/\/philippecharleux.fr\/wp-content\/uploads\/2022\/06\/affichejb2V2-scaled-e1655409126406-1162x1536.jpg 1162w, https:\/\/philippecharleux.fr\/wp-content\/uploads\/2022\/06\/affichejb2V2-scaled-e1655409126406-1550x2048.jpg 1550w\" sizes=\"auto, (max-width: 1811px) 100vw, 1811px\" \/><\/figure><div class=\"wp-block-media-text__content\">\n<p class=\"has-small-font-size\">En <strong>2008,<\/strong> le \u00ab\u00a0destin\u00a0\u00bb me fait rencontrer, par le biais de BLOC-NOTE Productions, l&rsquo;auteur-metteur en sc\u00e8ne <strong>Philippe Van Eslande<\/strong>, pour un projet de <strong>cr\u00e9ation d&rsquo;une visite th\u00e9\u00e2tralis\u00e9e<\/strong> sur l&rsquo;histoire d&rsquo;Agde. Le d\u00e9but d&rsquo;une longue collaboration, sans interruption jusqu&rsquo;\u00e0 ce jour, (voir les Visites Th\u00e9\u00e2tralis\u00e9es).<\/p>\n\n\n\n<p class=\"has-small-font-size\">En <strong>2013<\/strong>, pour le Festival \u00ab\u00a0<strong>Moli\u00e8re dans tous ses Eclats<\/strong>\u00a0\u00bb \u00e0 P\u00e9zenas, <strong>Ph Van Eslande<\/strong> cr\u00e9e \u00ab\u00a0<strong>JB2 une Vie de Moli\u00e8re<\/strong>\u00ab\u00a0, pi\u00e8ce en 4 tableaux pour un seul com\u00e9dien: <strong>Ph Charleux<\/strong>. Pi\u00e8ce reprise en <strong>2022<\/strong> \u00e0 l&rsquo;occasion des c\u00e9l\u00e9brations des 400 ans de la naissance de Moli\u00e8re.<\/p>\n\n\n\n<p class=\"has-vivid-red-color has-text-color has-link-color has-small-font-size wp-elements-fbf3b2ffb4de4b59268fc6d35f96c69f\"><strong>T\u00e9l\u00e9charger la pr\u00e9sentation de<\/strong> \u00ab\u00a0<strong>JB2 Une vie de Moli\u00e8re<\/strong>\u00ab\u00a0: <a href=\"http:\/\/philippecharleux.fr\/wp-content\/uploads\/2022\/06\/Presentation-JB2-Moliere.pdf\"><strong>http:\/\/philippecharleux.fr\/wp-content\/uploads\/2022\/06\/Presentation-JB2-Moliere.pdf<\/strong><\/a><\/p>\n<\/div><\/div>\n\n\n\n<p class=\"has-small-font-size\">En <strong>Juin 2022<\/strong>, pour le Festival \u00ab\u00a0Moli\u00e8re&#8230;\u00a0\u00bb le groupe, \u00e0 nouveau sollicit\u00e9, cr\u00e9e \u00ab\u00a0<strong>Le bourgeois Imaginaire<\/strong>\u00ab\u00a0, d\u00e9ambulation th\u00e9\u00e2trale pour un seul com\u00e9dien (moi- m\u00eame) \u00e0 l&rsquo;occasion de la c\u00e9r\u00e9monie \u00ab\u00a0<strong>Sur les Pas de Moli\u00e8re<\/strong>\u00ab\u00a0, avec la pose de nouvelles empreintes de pieds d&rsquo;artistes sur le cours Jean Jaur\u00e8s.<\/p>\n\n\n\n<p class=\"has-small-font-size\">En <strong>Juin 2023<\/strong>&#8230; pour le m\u00eame \u00e9v\u00e8nement, cr\u00e9ation \u00ab\u00a0des <strong>Fourberies de Martin<\/strong>\u00ab\u00a0. \u00ab\u00a0<em>Du th\u00e9\u00e2tre de rue, intelligent, dr\u00f4le, document\u00e9 dans une relation complice et spontan\u00e9e avec le public\u00a0\u00bb.<\/em><\/p>\n\n\n\n<figure class=\"wp-block-image size-large\"><img decoding=\"async\" src=\"http:\/\/philippecharleux.fr\/wp-content\/uploads\/2025\/10\/Composition1-e1760187840665.jpg\" alt=\"\"\/><\/figure>\n","protected":false},"excerpt":{"rendered":"<p>En 2008, le \u00ab\u00a0destin\u00a0\u00bb me fait rencontrer, par le biais de BLOC-NOTE Productions, l&rsquo;auteur-metteur en sc\u00e8ne Philippe Van Eslande, pour un projet de cr\u00e9ation d&rsquo;une visite th\u00e9\u00e2tralis\u00e9e sur l&rsquo;histoire d&rsquo;Agde. Le d\u00e9but d&rsquo;une longue collaboration, sans interruption jusqu&rsquo;\u00e0 ce jour, (voir les Visites Th\u00e9\u00e2tralis\u00e9es). En 2013, pour le Festival \u00ab\u00a0Moli\u00e8re dans tous ses Eclats\u00a0\u00bb \u00e0 [&hellip;]<\/p>\n","protected":false},"author":2,"featured_media":659,"parent":0,"menu_order":0,"comment_status":"closed","ping_status":"closed","template":"","meta":{"footnotes":""},"class_list":["post-653","page","type-page","status-publish","has-post-thumbnail","hentry","et-bg-layout-dark","et-background-image"],"_links":{"self":[{"href":"https:\/\/philippecharleux.fr\/index.php?rest_route=\/wp\/v2\/pages\/653","targetHints":{"allow":["GET"]}}],"collection":[{"href":"https:\/\/philippecharleux.fr\/index.php?rest_route=\/wp\/v2\/pages"}],"about":[{"href":"https:\/\/philippecharleux.fr\/index.php?rest_route=\/wp\/v2\/types\/page"}],"author":[{"embeddable":true,"href":"https:\/\/philippecharleux.fr\/index.php?rest_route=\/wp\/v2\/users\/2"}],"replies":[{"embeddable":true,"href":"https:\/\/philippecharleux.fr\/index.php?rest_route=%2Fwp%2Fv2%2Fcomments&post=653"}],"version-history":[{"count":44,"href":"https:\/\/philippecharleux.fr\/index.php?rest_route=\/wp\/v2\/pages\/653\/revisions"}],"predecessor-version":[{"id":1068,"href":"https:\/\/philippecharleux.fr\/index.php?rest_route=\/wp\/v2\/pages\/653\/revisions\/1068"}],"wp:featuredmedia":[{"embeddable":true,"href":"https:\/\/philippecharleux.fr\/index.php?rest_route=\/wp\/v2\/media\/659"}],"wp:attachment":[{"href":"https:\/\/philippecharleux.fr\/index.php?rest_route=%2Fwp%2Fv2%2Fmedia&parent=653"}],"curies":[{"name":"wp","href":"https:\/\/api.w.org\/{rel}","templated":true}]}}