{"id":9,"date":"2019-02-24T16:01:19","date_gmt":"2019-02-24T16:01:19","guid":{"rendered":"http:\/\/philippecharleux.fr\/?page_id=9"},"modified":"2025-10-12T14:49:46","modified_gmt":"2025-10-12T14:49:46","slug":"parcours","status":"publish","type":"page","link":"https:\/\/philippecharleux.fr\/?page_id=9","title":{"rendered":"Etape apr\u00e8s \u00e9tape&#8230;"},"content":{"rendered":"<p>&nbsp;<\/p>\n<hr \/>\n<p style=\"text-align: center;\">Philippe Charleux, 75 ans, \u00ab\u00a0au compteur\u00a0\u00bb.<\/p>\n<p>En <em><strong>1970<\/strong><\/em>, apr\u00e8s des \u00e9tudes de Droit, c\u2019est avec la Danse Contemporaine que commence mon parcours d\u2019artiste interpr\u00e8te, de cr\u00e9ateur et de formateur.<\/p>\n<p>Co-fondateur du <em><strong>THEATRIO-DANSE<\/strong><\/em>, je quitte Paris et m\u2019installe \u00e0 <strong>P\u00e9zenas<\/strong> (H\u00e9rault) en <em><strong>1979<\/strong><\/em> o\u00f9 je poursuis mes actions de cr\u00e9ation et de formation.<\/p>\n<p>Changement de cap en <em><strong>1990,<\/strong><\/em> o\u00f9 \u00e9largissant mes pratiques artistiques &#8211; percussions, art dramatique, cirque contemporain &#8211; je partage mes engagements professionnels avec plusieurs Compagnies R\u00e9gionales, structures culturelles et centres de formation, continuant de \u00ab\u00a0me p\u00e9trir\u00a0\u00bb, de me structurer, et d\u2019enrichir mes champs de comp\u00e9tences.<\/p>\n<p>En <em><strong>1996<\/strong><\/em>, je d\u00e9cide d\u2019aller plus loin dans \u00ab\u00a0<strong>l\u2019acte de parole<\/strong>\u00a0\u00bb en me formant \u00e0 la <strong>Technesth\u00e9sie<\/strong> (technique d\u2019expression orale) et en cr\u00e9ant des spectacles de lectures th\u00e9\u00e2tralis\u00e9es, avec les <em><strong>Compagnies ART<\/strong> et <strong>Bagages d\u2019Acteurs<\/strong> <\/em>sur diverses th\u00e9matiques\u00a0: la peinture, l\u2019adolescence, le vin, le polar, la cuisine, la probl\u00e9matique de l\u2019eau.<\/p>\n<p>A partir de <em><strong>2004<\/strong><\/em>, ma rencontre avec les contes m&rsquo;invite \u00e0 chercher et construire mon propre chemin de narration.. Je me forme \u00e0 l\u2019<em><strong>art de conter<\/strong><\/em> dans les structures suivantes <em><strong>CLIO<\/strong>, <strong>AURAL<\/strong>, <strong>CMLO<\/strong>,<b> Deux Mains Des Mots<\/b>,<\/em> \u00e0 la rencontre de Jihad Darwiche, Hamed Bouzzine, Anne Quesemand, Pascale Rouquette, Kamel Guennoun, Pascal Qu\u00e9r\u00e9, Guy Prunier, Marc Aubaret, Jean Porcherot et Laurence Chenou.<\/p>\n<p>En <em><strong>2009<\/strong><\/em>, je cr\u00e9e mon premier spectacle de contes \u00ab\u00a0<em><strong>Dans le souffle des vents<\/strong><\/em>\u00a0\u00bb avec le musicien <em><strong>Marc H\u00e9v\u00e9a<\/strong>.<\/em> C&rsquo;est \u00e9galement l\u2019ann\u00e9e de ma rencontre avec la conteuse Laurence Chenou, fondatrice de <em><b>Deux Mains Des Mots<\/b><\/em>, dont l&rsquo;objectif est de promouvoir le conte et la litt\u00e9rature orale. Jusqu&rsquo;en <em><strong>2018<\/strong><\/em>, je participerai avec elle au d\u00e9veloppement de l&rsquo;association, dont j&rsquo;assumerai ensuite seul la continuit\u00e9.<\/p>\n<p>Pour autant, <em><strong>le th\u00e9\u00e2tre<\/strong><\/em> s&rsquo;invite \u00e0 nouveau dans ma vie, en <em><strong>2007,<\/strong><\/em> par le biais de BLOC-NOTE Productions, en r\u00e9pondant \u00e0 une demande d&rsquo;interpr\u00e9tation de personnages historiques pour des visites th\u00e9\u00e2tralis\u00e9es. De ma rencontre avec l&rsquo;auteur-metteur en sc\u00e8ne <em><strong>Philippe Van Eslande,<\/strong><\/em> le Groupe <em><strong>Les \u00d4Parleurs<\/strong> <\/em>verra le jour, et les patrimoines architecturaux des villes d&rsquo;Agde, P\u00e9zenas, Carcassonne et surtout Narbonne seront nos terrains de jeux.<\/p>\n<p>D&rsquo;autres r\u00e9alisations verront le jour en \u00e9cho au passage de <strong><em>Moli\u00e8re dans la ville de P\u00e9zenas<\/em>,<\/strong> o\u00f9 j&rsquo;habite. En <em><strong>2013<\/strong><\/em>, pour le festival \u00ab\u00a0<em><strong>Moli\u00e8re dans tous ses Eclats<\/strong><\/em>\u00a0\u00bb ce sera <span style=\"font-size: revert; color: initial;\">\u00ab\u00a0<em><strong>JB2 une Vie de Moli\u00e8re<\/strong><\/em>\u00a0\u00bb pi\u00e8ce en 4 tableaux pour un com\u00e9dien, de Philippe Van Eslande.<\/span> En 2022, toujours pour le m\u00eame Festival, \u00ab\u00a0<em><strong>Le Bourgeois Imaginaire<\/strong><\/em>\u00a0\u00bb d\u00e9ambulation th\u00e9\u00e2trale en solo \u00ab\u00a0Sur les Pas de Moli\u00e8re\u00a0\u00bb. En 2023, \u00ab\u00a0<em><strong>Les Fourberies de Martin<\/strong><\/em>\u00a0\u00bb d\u00e9ambulation th\u00e9\u00e2trale en solo \u00ab\u00a0Sur les Pas de Moli\u00e8re\u00a0\u00bb.<\/p>\n<p style=\"text-align: center;\"><em>De mes engagements professionnels et de mes choix personnels, je me d\u00e9finis comme&#8230;<\/em><br \/><em>\u00ab\u00a0me construisant et m\u2019acheminant vers ma juste place, en m&rsquo;aventurant dans le cours de la Vie\u00a0\u00bb.<\/em><\/p>\n<hr \/>\n<h6 style=\"text-align: center;\"><strong>T\u00e9l\u00e9charger la pr\u00e9sentation de<\/strong> <strong>mes activit\u00e9s de conteur<\/strong> :\u00a0<\/h6>\n<p style=\"text-align: center;\"><a href=\"http:\/\/philippecharleux.fr\/wp-content\/uploads\/2025\/10\/Plaquette-2025-PhCh-conteur-1.pdf\">http:\/\/philippecharleux.fr\/wp-content\/uploads\/2025\/10\/Plaquette-2025-PhCh-conteur-1.pdf<\/a><\/p>\n<h6 style=\"text-align: center;\"><strong>T\u00e9l\u00e9charger la pr\u00e9sentation de<\/strong> \u00ab\u00a0<strong>JB2 Une vie de Moli\u00e8re\u00a0\u00bb, <\/strong>pi\u00e8ce de Ph van Eslande<\/h6>\n<p style=\"text-align: center;\"><a href=\"http:\/\/philippecharleux.fr\/wp-content\/uploads\/2022\/06\/Presentation-JB2-Moliere.pdf\" data-type=\"URL\" data-id=\"http:\/\/philippecharleux.fr\/wp-content\/uploads\/2022\/06\/Presentation-JB2-Moliere.pdf\">http:\/\/philippecharleux.fr\/wp-content\/uploads\/2022\/06\/Presentation-JB2-Moliere.pdf<\/a><\/p>\n<p style=\"text-align: center;\"><strong>Portrait<\/strong> du 09-02-2020 \/ Midi-Libre<\/p>\n<p><a href=\"http:\/\/philippecharleux.fr\/wp-content\/uploads\/2020\/02\/21-Article-M-L-09-02-2020.jpg\"><img loading=\"lazy\" decoding=\"async\" class=\"aligncenter size-medium wp-image-621\" src=\"http:\/\/philippecharleux.fr\/wp-content\/uploads\/2020\/02\/21-Article-M-L-09-02-2020-300x215.jpg\" alt=\"\" width=\"300\" height=\"215\" srcset=\"https:\/\/philippecharleux.fr\/wp-content\/uploads\/2020\/02\/21-Article-M-L-09-02-2020-300x215.jpg 300w, https:\/\/philippecharleux.fr\/wp-content\/uploads\/2020\/02\/21-Article-M-L-09-02-2020-768x549.jpg 768w, https:\/\/philippecharleux.fr\/wp-content\/uploads\/2020\/02\/21-Article-M-L-09-02-2020-1024x733.jpg 1024w\" sizes=\"auto, (max-width: 300px) 100vw, 300px\" \/><\/a><\/p>\n\n\n<div class=\"wp-block-media-text is-stacked-on-mobile\"><figure class=\"wp-block-media-text__media\"><\/figure><div class=\"wp-block-media-text__content\">\n<p><\/p>\n<\/div><\/div>\n\n\n\n<div class=\"wp-block-media-text has-media-on-the-right is-stacked-on-mobile\"><div class=\"wp-block-media-text__content\">\n<p><\/p>\n<\/div><figure class=\"wp-block-media-text__media\"><\/figure><\/div>\n\n\n\n<p><\/p>\n","protected":false},"excerpt":{"rendered":"<p>&nbsp; Philippe Charleux, 75 ans, \u00ab\u00a0au compteur\u00a0\u00bb. En 1970, apr\u00e8s des \u00e9tudes de Droit, c\u2019est avec la Danse Contemporaine que commence mon parcours d\u2019artiste interpr\u00e8te, de cr\u00e9ateur et de formateur. Co-fondateur du THEATRIO-DANSE, je quitte Paris et m\u2019installe \u00e0 P\u00e9zenas (H\u00e9rault) en 1979 o\u00f9 je poursuis mes actions de cr\u00e9ation et de formation. Changement de [&hellip;]<\/p>\n","protected":false},"author":1,"featured_media":74,"parent":0,"menu_order":0,"comment_status":"closed","ping_status":"closed","template":"","meta":{"footnotes":""},"class_list":["post-9","page","type-page","status-publish","has-post-thumbnail","hentry","et-bg-layout-dark","et-background-image"],"_links":{"self":[{"href":"https:\/\/philippecharleux.fr\/index.php?rest_route=\/wp\/v2\/pages\/9","targetHints":{"allow":["GET"]}}],"collection":[{"href":"https:\/\/philippecharleux.fr\/index.php?rest_route=\/wp\/v2\/pages"}],"about":[{"href":"https:\/\/philippecharleux.fr\/index.php?rest_route=\/wp\/v2\/types\/page"}],"author":[{"embeddable":true,"href":"https:\/\/philippecharleux.fr\/index.php?rest_route=\/wp\/v2\/users\/1"}],"replies":[{"embeddable":true,"href":"https:\/\/philippecharleux.fr\/index.php?rest_route=%2Fwp%2Fv2%2Fcomments&post=9"}],"version-history":[{"count":56,"href":"https:\/\/philippecharleux.fr\/index.php?rest_route=\/wp\/v2\/pages\/9\/revisions"}],"predecessor-version":[{"id":1096,"href":"https:\/\/philippecharleux.fr\/index.php?rest_route=\/wp\/v2\/pages\/9\/revisions\/1096"}],"wp:featuredmedia":[{"embeddable":true,"href":"https:\/\/philippecharleux.fr\/index.php?rest_route=\/wp\/v2\/media\/74"}],"wp:attachment":[{"href":"https:\/\/philippecharleux.fr\/index.php?rest_route=%2Fwp%2Fv2%2Fmedia&parent=9"}],"curies":[{"name":"wp","href":"https:\/\/api.w.org\/{rel}","templated":true}]}}