{"id":921,"date":"2025-10-07T15:41:53","date_gmt":"2025-10-07T15:41:53","guid":{"rendered":"https:\/\/philippecharleux.fr\/?page_id=921"},"modified":"2025-10-11T14:14:41","modified_gmt":"2025-10-11T14:14:41","slug":"voix-off","status":"publish","type":"page","link":"https:\/\/philippecharleux.fr\/?page_id=921","title":{"rendered":"VOIX OFF"},"content":{"rendered":"\n<p class=\"has-small-font-size\"><em><strong>Form\u00e9 \u00e0 la technesth\u00e9sie et sensibilis\u00e9 \u00e0 l\u2019utilisation de la voix dans mon m\u00e9tier de conteur et de com\u00e9dien, je me suis d\u2019abord lanc\u00e9 dans l\u2019enregistrement d\u2019\u00e9missions radiophoniques autour de la litt\u00e9rature et des contes sur les ondes de Radio Pays d\u2019H\u00e9rault. C\u2019est dans cette dynamique, que j\u2019ai r\u00e9pondu ensuite \u00e0 des demandes d\u2019enregistrements de textes accompagnant clips, documentaires, films institutionnels, visites audio-comment\u00e9es, tutoriels.<\/strong><\/em><\/p>\n\n\n\n<p class=\"has-small-font-size\">2013&nbsp;: <strong>\u00abdocu\u00bb <\/strong>\u00ab&nbsp;les Peintres V\u00e9nitiens&nbsp;\u00bb\/ <em>exposition au Mus\u00e9e de Lod\u00e8ve<\/em>.<\/p>\n\n\n\n<p class=\"has-small-font-size\">2014: <strong>clips<\/strong> sur la Formation Professionnelle \/ <em>Flip\u2019Arts<\/em><\/p>\n\n\n\n<p class=\"has-small-font-size\">2015&nbsp;: <strong>Clip \u00ab&nbsp;B\u00e9ziers in M\u00e9diterran\u00e9e&nbsp;\u00bb<\/strong> \/ <em>Flip\u2019Arts et Agence Wonderfull \u00e0 Mtpellier<\/em><\/p>\n\n\n\n<p class=\"has-small-font-size\">2017&nbsp;: enregistrements de <strong>Tutoriels internes<\/strong> pour Orange, et des banques\/ <em>Studio VOIX OFF &nbsp;Mtpellier<\/em>,<\/p>\n\n\n\n<p class=\"has-small-font-size\">2018&nbsp;: enregt au Studio des Aviateurs \u00e0 Montpellier\/ <em>Flip\u2019Arts<\/em><\/p>\n\n\n\n<p class=\"has-small-font-size\">&nbsp;&nbsp;&nbsp;&nbsp;&nbsp;&nbsp;&nbsp;&nbsp;&nbsp; : <strong>clips<\/strong> sur les Fonds Europ\u00e9ens \/ <em>Flip\u2019Arts<\/em><\/p>\n\n\n\n<p class=\"has-small-font-size\">2019&nbsp;: <strong>visite audio-comment\u00e9e<\/strong> pour site historique \/ <em>Studio VOIX OFF Mtpellier<\/em><\/p>\n\n\n\n<p class=\"has-small-font-size\">2020&nbsp;: enregts des <strong>\u00abRdv du chaleureux Mr Charleux\u00bb<\/strong> pour R\u00e9seau des m\u00e9diath\u00e8ques de la CAHM\/ <em>studio VOIX OFF<\/em><em><\/em><\/p>\n\n\n\n<p class=\"has-small-font-size\">2021&nbsp;: participe au casting VOIX OFF pour Occitanie Film.<\/p>\n\n\n\n<p class=\"has-small-font-size\">2023&nbsp;: <strong>\u00abdocu\u00bb sur les Laboratoires Chibret<\/strong> \/ <em>Fishing Multimedia\/Mtpellier<\/em>,<\/p>\n\n\n\n<p class=\"has-small-font-size\">2025&nbsp;: <strong>visite audio-comment\u00e9e<\/strong> du Port de Plaisance du Cap d\u2019Agde, \u00e0 bord des Coches d\u2019Eau.<\/p>\n\n\n\n<p class=\"has-small-font-size\">&nbsp;&nbsp;&nbsp;&nbsp;&nbsp;&nbsp;&nbsp;&nbsp;&nbsp;&nbsp;&nbsp; <strong>\u00ab&nbsp;docu&nbsp;\u00bb sur la Fondation Thea- Laboratoires Chibret<\/strong> \/ <em>Fishing Multimedia\/Mtpellier<\/em>.<\/p>\n\n\n\n<p class=\"has-vivid-red-color has-text-color has-link-color has-small-font-size wp-elements-8775fc2d3c8476d6ab5e11db5df8d906\"><em><strong>1er extrait: voix off documentaire<\/strong><\/em><\/p>\n\n\n\n<p class=\"has-vivid-cyan-blue-color has-text-color has-link-color has-small-font-size wp-elements-bde2dc637ddc79d36493a2464ff4419a\"><em><strong>2i\u00e9me extrait: voix off litt\u00e9rature<\/strong><\/em><\/p>\n\n\n\n<!--[if lt IE 9]><script>document.createElement('audio');<\/script><![endif]-->\n<audio class=\"wp-audio-shortcode\" id=\"audio-921-1\" preload=\"none\" style=\"width: 100%;\" controls=\"controls\"><source type=\"audio\/mpeg\" src=\"http:\/\/philippecharleux.fr\/wp-content\/uploads\/2025\/10\/Phillippe-CHARLEUX-DOC.mp3?_=1\" \/><a href=\"http:\/\/philippecharleux.fr\/wp-content\/uploads\/2025\/10\/Phillippe-CHARLEUX-DOC.mp3\">http:\/\/philippecharleux.fr\/wp-content\/uploads\/2025\/10\/Phillippe-CHARLEUX-DOC.mp3<\/a><\/audio>\n\n\n\n<audio class=\"wp-audio-shortcode\" id=\"audio-921-2\" preload=\"none\" style=\"width: 100%;\" controls=\"controls\"><source type=\"audio\/mpeg\" src=\"http:\/\/philippecharleux.fr\/wp-content\/uploads\/2025\/10\/Phillippe-CHARLEUX-LITTERATURE.mp3?_=2\" \/><a href=\"http:\/\/philippecharleux.fr\/wp-content\/uploads\/2025\/10\/Phillippe-CHARLEUX-LITTERATURE.mp3\">http:\/\/philippecharleux.fr\/wp-content\/uploads\/2025\/10\/Phillippe-CHARLEUX-LITTERATURE.mp3<\/a><\/audio>\n\n\n\n<p class=\"has-vivid-purple-color has-text-color has-link-color has-small-font-size wp-elements-3336ccb3196b876eafc439c162e97fdc\"><strong><em>3i\u00e8me extrait: Anniversaire 140 ans de la Soci\u00e9t\u00e9 Fran\u00e7aise d&rsquo;Ophtalmologie<\/em>: <a href=\"https:\/\/youtube.com\/watch?v=moc9VXS9Jx4&amp;feature=shared\">https:\/\/youtube.com\/watch?v=moc9VXS9Jx4&amp;feature=shared<\/a><\/strong><\/p>\n\n\n\n<p><\/p>\n","protected":false},"excerpt":{"rendered":"<p>Form\u00e9 \u00e0 la technesth\u00e9sie et sensibilis\u00e9 \u00e0 l\u2019utilisation de la voix dans mon m\u00e9tier de conteur et de com\u00e9dien, je me suis d\u2019abord lanc\u00e9 dans l\u2019enregistrement d\u2019\u00e9missions radiophoniques autour de la litt\u00e9rature et des contes sur les ondes de Radio Pays d\u2019H\u00e9rault. C\u2019est dans cette dynamique, que j\u2019ai r\u00e9pondu ensuite \u00e0 des demandes d\u2019enregistrements de [&hellip;]<\/p>\n","protected":false},"author":2,"featured_media":135,"parent":0,"menu_order":0,"comment_status":"closed","ping_status":"closed","template":"","meta":{"footnotes":""},"class_list":["post-921","page","type-page","status-publish","has-post-thumbnail","hentry","et-bg-layout-dark","et-background-image"],"_links":{"self":[{"href":"https:\/\/philippecharleux.fr\/index.php?rest_route=\/wp\/v2\/pages\/921","targetHints":{"allow":["GET"]}}],"collection":[{"href":"https:\/\/philippecharleux.fr\/index.php?rest_route=\/wp\/v2\/pages"}],"about":[{"href":"https:\/\/philippecharleux.fr\/index.php?rest_route=\/wp\/v2\/types\/page"}],"author":[{"embeddable":true,"href":"https:\/\/philippecharleux.fr\/index.php?rest_route=\/wp\/v2\/users\/2"}],"replies":[{"embeddable":true,"href":"https:\/\/philippecharleux.fr\/index.php?rest_route=%2Fwp%2Fv2%2Fcomments&post=921"}],"version-history":[{"count":21,"href":"https:\/\/philippecharleux.fr\/index.php?rest_route=\/wp\/v2\/pages\/921\/revisions"}],"predecessor-version":[{"id":1073,"href":"https:\/\/philippecharleux.fr\/index.php?rest_route=\/wp\/v2\/pages\/921\/revisions\/1073"}],"wp:featuredmedia":[{"embeddable":true,"href":"https:\/\/philippecharleux.fr\/index.php?rest_route=\/wp\/v2\/media\/135"}],"wp:attachment":[{"href":"https:\/\/philippecharleux.fr\/index.php?rest_route=%2Fwp%2Fv2%2Fmedia&parent=921"}],"curies":[{"name":"wp","href":"https:\/\/api.w.org\/{rel}","templated":true}]}}