{"id":95,"date":"2014-12-25T11:04:32","date_gmt":"2014-12-25T11:04:32","guid":{"rendered":"http:\/\/philippecharleux.fr\/?page_id=95"},"modified":"2025-10-12T14:24:39","modified_gmt":"2025-10-12T14:24:39","slug":"sur-le-chemin","status":"publish","type":"page","link":"https:\/\/philippecharleux.fr\/","title":{"rendered":"Bienvenue sur le chemin des mots&#8230;"},"content":{"rendered":"<h4><\/h4>\n<hr \/>\n<h5 style=\"text-align: center;\"><strong><a href=\"http:\/\/philippecharleux.fr\/wp-content\/uploads\/2014\/12\/Phil-Charleux.jpg\"><img loading=\"lazy\" decoding=\"async\" class=\"  wp-image-368 aligncenter\" src=\"http:\/\/philippecharleux.fr\/wp-content\/uploads\/2014\/12\/Phil-Charleux-150x150.jpg\" alt=\"Phil Charleux\" width=\"102\" height=\"102\" srcset=\"https:\/\/philippecharleux.fr\/wp-content\/uploads\/2014\/12\/Phil-Charleux-150x150.jpg 150w, https:\/\/philippecharleux.fr\/wp-content\/uploads\/2014\/12\/Phil-Charleux-184x184.jpg 184w\" sizes=\"auto, (max-width: 102px) 100vw, 102px\" \/><\/a><\/strong><\/h5>\n<h5 style=\"text-align: center;\"><strong>Avant &#8230;\u00a0de m\u2019aventurer dans la for\u00eat des contes,\u00a0j&rsquo;ai mis le chemin sous mes pas\u2026<\/strong>\u2026.<\/h5>\n<p>&nbsp;<\/p>\n<h6 style=\"text-align: center;\"><strong><em>ici<\/em>&#8230;<\/strong>apprivoisant l\u2019espace et le mouvement, avec <em><strong>la Danse<\/strong><\/em>,<\/h6>\n<h6 style=\"text-align: center;\"><strong><em>l\u00e0<\/em>&#8230;<\/strong>faisant vibrer l\u2019air, avec <em><strong>les percussions<\/strong><\/em>,<\/h6>\n<h6 style=\"text-align: center;\"><strong><em>plus loin<\/em>&#8230;<\/strong>jouant de la m\u00e9tamorphose, sur <em><strong>la piste de\u00a0cirque<\/strong><\/em> et <em><strong>la sc\u00e8ne de th\u00e9\u00e2tre<\/strong><\/em>,<\/h6>\n<h6 style=\"text-align: center;\"><strong><em>ailleurs<\/em>&#8230;<\/strong>faisant sonner les mots en <em><strong>lecture \u00e0 voix haute<\/strong><\/em>.<\/h6>\n<h6 style=\"text-align: center;\">j&rsquo;ai fait du chemin &#8230;<strong>\u00a0<em>Hier&#8230;<\/em><\/strong> je continue &#8230; <strong><em>A<strong>u<\/strong>jourd\u2019hui&#8230;<\/em><\/strong>explorateur curieux de <em><strong>Demain<\/strong><\/em>.<\/h6>\n<p>&nbsp;<\/p>\n<h5 style=\"text-align: center;\"><em>Mon go\u00fbt de l\u2019aventure int\u00e9rieure, mon imaginaire nourri de quotidien et de r\u00eaves, mon d\u00e9sir de partage,<\/em><\/h5>\n<h5 style=\"text-align: center;\"><em>m\u2019ont pouss\u00e9 dans la for\u00eat des contes, o\u00f9 je me d\u00e9couvre, me reconnais et me p\u00e9tris pas apr\u00e8s pas.<\/em><\/h5>\n<p>&nbsp;<\/p>\n<h5 style=\"text-align: center;\"><em>Mon r\u00e9pertoire est compos\u00e9 de\u00a0<strong>contes traditionnels\u00a0<\/strong><\/em><\/h5>\n<h5 style=\"text-align: center;\"><em><strong>issus des cultures europ\u00e9ennes, m\u00e9diterran\u00e9ennes, orientales<\/strong>.<\/em><\/h5>\n<p>&nbsp;<\/p>\n<h5 style=\"text-align: center;\"><em>R\u00e9pertoire teint\u00e9 du plaisir de\u00a0<strong>jouer<\/strong>\u00a0avec la langue, les mots,<\/em><\/h5>\n<h5 style=\"text-align: center;\"><em>leur musique, leur puissance \u00e9vocatrice.<\/em><\/h5>\n<h5 style=\"text-align: center;\"><em>R\u00e9pertoire vivifi\u00e9 par le\u00a0<strong>rythme<\/strong>, \u00e0 qui, je donne toute son intensit\u00e9, sa vitalit\u00e9<\/em><\/h5>\n<h5 style=\"text-align: center;\"><em>et sa fantaisie par ma pr\u00e9sence.<\/em><\/h5>\n<hr \/>\n","protected":false},"excerpt":{"rendered":"<p>Avant &#8230;\u00a0de m\u2019aventurer dans la for\u00eat des contes,\u00a0j&rsquo;ai mis le chemin sous mes pas\u2026\u2026. &nbsp; ici&#8230;apprivoisant l\u2019espace et le mouvement, avec la Danse, l\u00e0&#8230;faisant vibrer l\u2019air, avec les percussions, plus loin&#8230;jouant de la m\u00e9tamorphose, sur la piste de\u00a0cirque et la sc\u00e8ne de th\u00e9\u00e2tre, ailleurs&#8230;faisant sonner les mots en lecture \u00e0 voix haute. j&rsquo;ai fait du [&hellip;]<\/p>\n","protected":false},"author":2,"featured_media":110,"parent":0,"menu_order":0,"comment_status":"closed","ping_status":"open","template":"","meta":{"footnotes":""},"class_list":["post-95","page","type-page","status-publish","has-post-thumbnail","hentry","et-bg-layout-dark","et-background-image"],"_links":{"self":[{"href":"https:\/\/philippecharleux.fr\/index.php?rest_route=\/wp\/v2\/pages\/95","targetHints":{"allow":["GET"]}}],"collection":[{"href":"https:\/\/philippecharleux.fr\/index.php?rest_route=\/wp\/v2\/pages"}],"about":[{"href":"https:\/\/philippecharleux.fr\/index.php?rest_route=\/wp\/v2\/types\/page"}],"author":[{"embeddable":true,"href":"https:\/\/philippecharleux.fr\/index.php?rest_route=\/wp\/v2\/users\/2"}],"replies":[{"embeddable":true,"href":"https:\/\/philippecharleux.fr\/index.php?rest_route=%2Fwp%2Fv2%2Fcomments&post=95"}],"version-history":[{"count":22,"href":"https:\/\/philippecharleux.fr\/index.php?rest_route=\/wp\/v2\/pages\/95\/revisions"}],"predecessor-version":[{"id":1083,"href":"https:\/\/philippecharleux.fr\/index.php?rest_route=\/wp\/v2\/pages\/95\/revisions\/1083"}],"wp:featuredmedia":[{"embeddable":true,"href":"https:\/\/philippecharleux.fr\/index.php?rest_route=\/wp\/v2\/media\/110"}],"wp:attachment":[{"href":"https:\/\/philippecharleux.fr\/index.php?rest_route=%2Fwp%2Fv2%2Fmedia&parent=95"}],"curies":[{"name":"wp","href":"https:\/\/api.w.org\/{rel}","templated":true}]}}