{"id":986,"date":"2025-10-10T14:11:57","date_gmt":"2025-10-10T14:11:57","guid":{"rendered":"https:\/\/philippecharleux.fr\/?page_id=986"},"modified":"2025-10-12T14:53:07","modified_gmt":"2025-10-12T14:53:07","slug":"visites-theatralisees","status":"publish","type":"page","link":"https:\/\/philippecharleux.fr\/?page_id=986","title":{"rendered":"VISITES THE\u00c2TRALISEES avec les \u00d4Parleurs"},"content":{"rendered":"\n<p><\/p>\n\n\n\n<p>   <strong><em>Le Th\u00e9\u00e2tre pour mettre en valeur le patrimoine architectural et l\u2019histoire d&rsquo;une ville.<\/em><\/strong><\/p>\n\n\n\n<p class=\"has-small-font-size\">C\u2019est en <strong>2007<\/strong>, que B\u00e9atrice Bois, administratrice de <strong>Bloc Note<\/strong> a suscit\u00e9 la rencontre de Philippe Van Elslande (auteur-metteur en sc\u00e8ne) et Philippe Charleux (com\u00e9dien-conteur) \u00e0 l\u2019occasion de la cr\u00e9ation de visites th\u00e9\u00e2tralis\u00e9es au Cap d&rsquo;Agde, sur l\u2019histoire de la ville d\u2019Agde&nbsp;: <strong>\u00ab&nbsp;Agde 2600,33 ans d\u2019histoire&nbsp;\u00bb. <\/strong>Pr\u00e9sent\u00e9 plus de trente fois pendant <strong>les \u00e9t\u00e9s 2008 et 2009, <\/strong>ce spectacle a rencontr\u00e9 un grand succ\u00e8s populaire, et suscit\u00e9 la fondation d\u2019un groupe de professionnels, <strong><em>Les \u00d4-Parleurs <\/em><\/strong>&nbsp;dont le but est de mettre <strong>l\u2019histoire en th\u00e9\u00e2tre<\/strong>, en cr\u00e9ant des spectacles dont <strong>les d\u00e9cors sont le patrimoine architectural<\/strong> d\u2019une Ville.<\/p>\n\n\n\n<p class=\"has-small-font-size\">Apr\u00e8s le <strong>Cap d&rsquo;Agde<\/strong> avec l&rsquo;histoire d&rsquo;<strong>AGDE<\/strong>, le groupe<strong><em>&nbsp;Les \u00d4-Parleurs <\/em><\/strong>a cr\u00e9\u00e9 de nombreuses visites th\u00e9\u00e2tralis\u00e9es dans les villes de <strong>Narbonne, P\u00e9zenas et Carcassonne<\/strong>&nbsp;:<\/p>\n\n\n\n<ul class=\"wp-block-list\">\n<li class=\"has-small-font-size\"><strong>2010<\/strong> : <strong>\u00ab&nbsp;Vin et si\u00e8cles d\u2019histoire&nbsp;\u00bb,<\/strong> cr\u00e9ation \u00e0 <strong>NARBONNE,<\/strong> sur l\u2019histoire de la ville et de la vigne.    <em>Repr\u00e9sentations&nbsp;: \u00e9t\u00e9s 2010 et 2011.<\/em><\/li>\n\n\n\n<li class=\"has-small-font-size\"><strong>2011<\/strong>&nbsp;: <strong>\u00ab&nbsp;Un Conte pour Conti&nbsp;\u00bb,<\/strong> cr\u00e9ation \u00e0 <strong>PEZENAS<\/strong> &nbsp;sur le th\u00e8me du conte litt\u00e9raire au XVII\u00e8me.     <em>Repr\u00e9sentations \u00e9t\u00e9s 2011 et 2012<\/em>.<\/li>\n\n\n\n<li class=\"has-small-font-size\"><strong>2012<\/strong>&nbsp;: <strong>\u00ab&nbsp;La Crosse et le Bouclier&nbsp;\u00bb <\/strong>cr\u00e9ation \u00e0 <strong>NARBONNE<\/strong> sur l\u2019histoire du Palais des Archev\u00eaques.    <em>Repr\u00e9sentations&nbsp;: \u00e9t\u00e9s 2012, et 2013.<\/em><\/li>\n\n\n\n<li class=\"has-small-font-size\"><strong>2013<\/strong>&nbsp;: <strong>\u00ab&nbsp;Lever de rideau sur le th\u00e9\u00e2tre&nbsp;\u00bb,<\/strong> cr\u00e9ation \u00e0 <strong>PEZENAS<\/strong> sur l\u2019histoire du th\u00e9\u00e2tre.    <em>Repr\u00e9sentations&nbsp;: \u00e9t\u00e9s 2013, 2014 et 2015.<\/em><\/li>\n\n\n\n<li class=\"has-small-font-size\"><strong>2014<\/strong>&nbsp;: \u00ab&nbsp;<strong>Un ch\u0153ur de pierres&nbsp;\u00bb, <\/strong>cr\u00e9ation \u00e0 <strong>NARBONNE<\/strong> sur l\u2019histoire de la Cath\u00e9drale.     <em>Repr\u00e9sentations&nbsp;: \u00e9t\u00e9s 2014 et 2015.<\/em><\/li>\n\n\n\n<li class=\"has-small-font-size\"><strong>2016<\/strong>&nbsp;<strong>:<em> <\/em>\u00ab&nbsp;Un canal pour sauver Narbonne&nbsp;\u00bb <\/strong>cr\u00e9ation \u00e0 <strong>NARBONNE<\/strong> sur l\u2019histoire du Canal du Midi.    <em>Repr\u00e9sentations&nbsp;: \u00e9t\u00e9s 2016 et 2017.<\/em><\/li>\n\n\n\n<li class=\"has-small-font-size\"><strong>2017<\/strong>&nbsp;: <strong>\u00ab&nbsp;Le Fabuleux Destin de la Bastide Saint Louis\u00bb<\/strong> cr\u00e9ation \u00e0 <strong>CARCASSONNE <\/strong>sur l\u2019histoire de la Bastide.&nbsp;  <em>Repr\u00e9sentations&nbsp;: \u00e9t\u00e9s 2017 et 2018.<\/em><\/li>\n\n\n\n<li class=\"has-small-font-size\"><strong>2018<\/strong>&nbsp;: <strong>\u00ab&nbsp;Narbonne, place aux Grands Hommes&nbsp;\u00bb <\/strong>cr\u00e9ation \u00e0 <strong>NARBONNE<\/strong> sur les Grands Hommes qui s\u2019y sont arr\u00eat\u00e9s. <em>Repr\u00e9sentations:\u00e9t\u00e9s 2018, 2019&nbsp;et 2020.<\/em><\/li>\n\n\n\n<li class=\"has-small-font-size\"><strong>2021<\/strong>&nbsp;: <strong>\u00ab&nbsp;Narbonne <\/strong>&nbsp;<strong>au Temps des Cathares&nbsp;\u00bb <\/strong>cr\u00e9ation \u00e0 <strong>NARBONNE. <\/strong><em>Repr\u00e9sentations&nbsp;: \u00e9t\u00e9s 2021 et 2022<\/em><\/li>\n\n\n\n<li class=\"has-small-font-size\"><strong>2023<\/strong>&nbsp;: <strong>\u00ab&nbsp;Narbonne, 15 si\u00e8cles d\u2019Histoire&nbsp;\u00bb <\/strong>cr\u00e9ation \u00e0 <strong>NARBONNE.<\/strong> <em>Repr\u00e9sentations&nbsp;: \u00e9t\u00e9s 2023 et 2024<\/em><\/li>\n\n\n\n<li class=\"has-small-font-size\"><strong>2025<\/strong>&nbsp;: <strong>\u00ab&nbsp;Les Seigneurs de l\u2019Ombre&nbsp;\u00bb<\/strong> cr\u00e9ation \u00e0 <strong>NARBONNE <\/strong>sur les rivalit\u00e9s Archev\u00eaque, Vicomte et Consuls.     <em>Repr\u00e9sentations&nbsp;: \u00e9t\u00e9s 2025 et 2026.<\/em><\/li>\n<\/ul>\n\n\n\n<p><\/p>\n","protected":false},"excerpt":{"rendered":"<p>Le Th\u00e9\u00e2tre pour mettre en valeur le patrimoine architectural et l\u2019histoire d&rsquo;une ville. C\u2019est en 2007, que B\u00e9atrice Bois, administratrice de Bloc Note a suscit\u00e9 la rencontre de Philippe Van Elslande (auteur-metteur en sc\u00e8ne) et Philippe Charleux (com\u00e9dien-conteur) \u00e0 l\u2019occasion de la cr\u00e9ation de visites th\u00e9\u00e2tralis\u00e9es au Cap d&rsquo;Agde, sur l\u2019histoire de la ville d\u2019Agde&nbsp;: [&hellip;]<\/p>\n","protected":false},"author":2,"featured_media":991,"parent":0,"menu_order":0,"comment_status":"closed","ping_status":"closed","template":"","meta":{"footnotes":""},"class_list":["post-986","page","type-page","status-publish","has-post-thumbnail","hentry","et-bg-layout-dark","et-background-image"],"_links":{"self":[{"href":"https:\/\/philippecharleux.fr\/index.php?rest_route=\/wp\/v2\/pages\/986","targetHints":{"allow":["GET"]}}],"collection":[{"href":"https:\/\/philippecharleux.fr\/index.php?rest_route=\/wp\/v2\/pages"}],"about":[{"href":"https:\/\/philippecharleux.fr\/index.php?rest_route=\/wp\/v2\/types\/page"}],"author":[{"embeddable":true,"href":"https:\/\/philippecharleux.fr\/index.php?rest_route=\/wp\/v2\/users\/2"}],"replies":[{"embeddable":true,"href":"https:\/\/philippecharleux.fr\/index.php?rest_route=%2Fwp%2Fv2%2Fcomments&post=986"}],"version-history":[{"count":9,"href":"https:\/\/philippecharleux.fr\/index.php?rest_route=\/wp\/v2\/pages\/986\/revisions"}],"predecessor-version":[{"id":1098,"href":"https:\/\/philippecharleux.fr\/index.php?rest_route=\/wp\/v2\/pages\/986\/revisions\/1098"}],"wp:featuredmedia":[{"embeddable":true,"href":"https:\/\/philippecharleux.fr\/index.php?rest_route=\/wp\/v2\/media\/991"}],"wp:attachment":[{"href":"https:\/\/philippecharleux.fr\/index.php?rest_route=%2Fwp%2Fv2%2Fmedia&parent=986"}],"curies":[{"name":"wp","href":"https:\/\/api.w.org\/{rel}","templated":true}]}}